{"id":155,"date":"2019-11-27T22:10:07","date_gmt":"2019-11-27T22:10:07","guid":{"rendered":"\/cmqnuevo2020\/?page_id=155"},"modified":"2019-11-27T22:10:35","modified_gmt":"2019-11-27T22:10:35","slug":"cirujano-oftalmologo-glz-pliego","status":"publish","type":"page","link":"\/cmqnuevo2020\/cirujano-oftalmologo-glz-pliego\/","title":{"rendered":"Cirujano Oftalmologo Glz Pliego"},"content":{"rendered":"<p>[et_pb_section fb_built=\u00bb1&#8243; _builder_version=\u00bb3.22&#8243; background_image=\u00bb\/cmqnuevo2020\/wp-content\/uploads\/2019\/11\/vision-front.jpg\u00bb fb_built=\u00bb1&#8243; _i=\u00bb0&#8243; _address=\u00bb0&#8243;][et_pb_row _builder_version=\u00bb3.25&#8243; background_size=\u00bbinitial\u00bb background_position=\u00bbtop_left\u00bb background_repeat=\u00bbrepeat\u00bb _i=\u00bb0&#8243; _address=\u00bb0.0&#8243;][et_pb_column type=\u00bb4_4&#8243; _builder_version=\u00bb3.25&#8243; custom_padding=\u00bb|||\u00bb _i=\u00bb0&#8243; _address=\u00bb0.0.0&#8243; custom_padding__hover=\u00bb|||\u00bb][et_pb_divider show_divider=\u00bboff\u00bb _builder_version=\u00bb3.2&#8243; height=\u00bb68px\u00bb _i=\u00bb0&#8243; _address=\u00bb0.0.0.0&#8243;][\/et_pb_divider][et_pb_divider show_divider=\u00bboff\u00bb _builder_version=\u00bb3.2&#8243; height=\u00bb68px\u00bb _i=\u00bb1&#8243; _address=\u00bb0.0.0.1&#8243;][\/et_pb_divider][et_pb_divider show_divider=\u00bboff\u00bb _builder_version=\u00bb3.2&#8243; height=\u00bb68px\u00bb _i=\u00bb2&#8243; _address=\u00bb0.0.0.2&#8243;][\/et_pb_divider][et_pb_divider show_divider=\u00bboff\u00bb _builder_version=\u00bb3.2&#8243; height=\u00bb68px\u00bb _i=\u00bb3&#8243; _address=\u00bb0.0.0.3&#8243;][\/et_pb_divider][\/et_pb_column][\/et_pb_row][\/et_pb_section][et_pb_section fb_built=\u00bb1&#8243; _builder_version=\u00bb3.22&#8243; fb_built=\u00bb1&#8243; _i=\u00bb1&#8243; _address=\u00bb1&#8243;][et_pb_row _builder_version=\u00bb3.25&#8243; background_size=\u00bbinitial\u00bb background_position=\u00bbtop_left\u00bb background_repeat=\u00bbrepeat\u00bb _i=\u00bb0&#8243; _address=\u00bb1.0&#8243;][et_pb_column type=\u00bb4_4&#8243; _builder_version=\u00bb3.25&#8243; custom_padding=\u00bb|||\u00bb _i=\u00bb0&#8243; _address=\u00bb1.0.0&#8243; custom_padding__hover=\u00bb|||\u00bb][et_pb_text _builder_version=\u00bb3.27.4&#8243; _i=\u00bb0&#8243; _address=\u00bb1.0.0.0&#8243;]<\/p>\n<p style=\"text-align: center;\"><span style=\"font-size: 35px; color: #2ea3f2;\"><strong>Dr. Gonz\u00e1lez Pliego<br \/>\n<\/strong><\/span><\/p>\n<p style=\"text-align: center;\"><span style=\"font-size: 25px; color: #2ea3f2;\"><strong>Cirujano Oftalm\u00f3logo<br \/>\n<\/strong><\/span>[\/et_pb_text][\/et_pb_column][\/et_pb_row][et_pb_row _builder_version=\u00bb3.25&#8243; background_size=\u00bbinitial\u00bb background_position=\u00bbtop_left\u00bb background_repeat=\u00bbrepeat\u00bb _i=\u00bb1&#8243; _address=\u00bb1.1&#8243; column_structure=\u00bb1_2,1_2&#8243;][et_pb_column type=\u00bb1_2&#8243; _builder_version=\u00bb3.25&#8243; custom_padding=\u00bb|||\u00bb _i=\u00bb0&#8243; _address=\u00bb1.1.0&#8243; custom_padding__hover=\u00bb|||\u00bb][et_pb_text _builder_version=\u00bb3.27.4&#8243; _i=\u00bb0&#8243; _address=\u00bb1.1.0.0&#8243;]<\/p>\n<ul>\n<li><span style=\"color: #000000;\">Egresado de facultad de medicina <strong>UAM<\/strong><\/span><\/li>\n<li><span style=\"color: #000000;\">Egresado de la especialidad en instituto de <strong>Oftalmolog\u00eda<\/strong> conde de valenciana <strong>UNAM<\/strong><\/span><\/li>\n<li><span style=\"color: #000000;\">Adscrito al servicio de cirug\u00eda <strong>IMSS<\/strong><\/span><\/li>\n<li><span style=\"color: #000000;\">Numero de certificaci\u00f3n del <strong>Colegio Mexicano de Oftalmolog\u00eda<\/strong> 3334<\/span><\/li>\n<li><span style=\"color: #000000;\">C\u00e9dula de especialista en <strong>Oftalmolog\u00eda<\/strong> 09181332<\/span><\/li>\n<li><span style=\"color: #000000;\">C\u00e9dula de m\u00e9dico general 7305102<\/span><\/li>\n<li><span style=\"color: #000000;\">\u00a0Socio numerario\u00a0<strong>Sociedad Mexicana de Oftalmolog\u00eda<\/strong> 3690<\/span><\/li>\n<li><span style=\"color: #000000;\">\u00a0Miembro del <strong>Colegio Oftalmol\u00f3gico de Celaya<\/strong><\/span><\/li>\n<\/ul>\n<p>[\/et_pb_text][\/et_pb_column][et_pb_column type=\u00bb1_2&#8243; _builder_version=\u00bb3.25&#8243; custom_padding=\u00bb|||\u00bb _i=\u00bb1&#8243; _address=\u00bb1.1.1&#8243; custom_padding__hover=\u00bb|||\u00bb][et_pb_image src=\u00bb\/cmqnuevo2020\/wp-content\/uploads\/2019\/11\/18698546_1906422729571575_9017581803861511405_n.jpg\u00bb align_tablet=\u00bbcenter\u00bb align_last_edited=\u00bbon|desktop\u00bb _builder_version=\u00bb3.23&#8243; max_width=\u00bb50%\u00bb _i=\u00bb0&#8243; _address=\u00bb1.1.1.0&#8243;][\/et_pb_image][\/et_pb_column][\/et_pb_row][\/et_pb_section][et_pb_section fb_built=\u00bb1&#8243; _builder_version=\u00bb3.22&#8243; background_color=\u00bb2ea3f2 \u00bb border_width_all=\u00bb2px\u00bb animation_style=\u00bbflip\u00bb fb_built=\u00bb1&#8243; _i=\u00bb2&#8243; _address=\u00bb2&#8243;][et_pb_row _builder_version=\u00bb3.25&#8243; _i=\u00bb0&#8243; _address=\u00bb2.0&#8243; column_structure=\u00bb1_2,1_2&#8243;][et_pb_column type=\u00bb1_2&#8243; _builder_version=\u00bb3.25&#8243; custom_padding=\u00bb|||\u00bb _i=\u00bb0&#8243; _address=\u00bb2.0.0&#8243; custom_padding__hover=\u00bb|||\u00bb][et_pb_text _builder_version=\u00bb3.27.4&#8243; _i=\u00bb0&#8243; _address=\u00bb2.0.0.0&#8243;]<\/p>\n<h3 style=\"text-align: center;\"><strong>Haz tu cita hoy mismo por whatsapp con un 20% de descuento<\/strong><\/h3>\n<p>[\/et_pb_text][\/et_pb_column][et_pb_column type=\u00bb1_2&#8243; _builder_version=\u00bb3.25&#8243; custom_padding=\u00bb|||\u00bb _i=\u00bb1&#8243; _address=\u00bb2.0.1&#8243; custom_padding__hover=\u00bb|||\u00bb][et_pb_image src=\u00bb\/cmqnuevo2020\/wp-content\/uploads\/2019\/11\/whatsapp-hd-png-whatsapp-logo-png-1000.png\u00bb show_in_lightbox=\u00bbon\u00bb align=\u00bbcenter\u00bb align_tablet=\u00bbcenter\u00bb align_last_edited=\u00bbon|desktop\u00bb _builder_version=\u00bb3.23&#8243; max_width=\u00bb20%\u00bb module_alignment=\u00bbleft\u00bb _i=\u00bb0&#8243; _address=\u00bb2.0.1.0&#8243;][\/et_pb_image][\/et_pb_column][\/et_pb_row][et_pb_row _builder_version=\u00bb3.25&#8243; background_size=\u00bbinitial\u00bb background_position=\u00bbtop_left\u00bb background_repeat=\u00bbrepeat\u00bb _i=\u00bb1&#8243; _address=\u00bb2.1&#8243; column_structure=\u00bb1_3,1_3,1_3&#8243;][et_pb_column type=\u00bb1_3&#8243; _builder_version=\u00bb3.25&#8243; custom_padding=\u00bb|||\u00bb _i=\u00bb0&#8243; _address=\u00bb2.1.0&#8243; custom_padding__hover=\u00bb|||\u00bb][et_pb_image src=\u00bb\/cmqnuevo2020\/wp-content\/uploads\/2019\/11\/face.png\u00bb url=\u00bbhttps:\/\/www.facebook.com\/drsgp\/\u00bb url_new_window=\u00bbon\u00bb align=\u00bbcenter\u00bb align_tablet=\u00bbcenter\u00bb align_last_edited=\u00bbon|desktop\u00bb _builder_version=\u00bb3.23&#8243; max_width=\u00bb20%\u00bb module_alignment=\u00bbcenter\u00bb _i=\u00bb0&#8243; _address=\u00bb2.1.0.0&#8243;][\/et_pb_image][\/et_pb_column][et_pb_column type=\u00bb1_3&#8243; _builder_version=\u00bb3.25&#8243; custom_padding=\u00bb|||\u00bb _i=\u00bb1&#8243; _address=\u00bb2.1.1&#8243; custom_padding__hover=\u00bb|||\u00bb][et_pb_image src=\u00bb\/cmqnuevo2020\/wp-content\/uploads\/2019\/11\/Twitter-Free-PNG-Image.png\u00bb url=\u00bbhttps:\/\/twitter.com\/oftalmogpliego\u00bb url_new_window=\u00bbon\u00bb align=\u00bbcenter\u00bb align_tablet=\u00bbcenter\u00bb align_last_edited=\u00bbon|desktop\u00bb _builder_version=\u00bb3.23&#8243; max_width=\u00bb20%\u00bb module_alignment=\u00bbcenter\u00bb _i=\u00bb0&#8243; _address=\u00bb2.1.1.0&#8243;][\/et_pb_image][\/et_pb_column][et_pb_column type=\u00bb1_3&#8243; _builder_version=\u00bb3.25&#8243; custom_padding=\u00bb|||\u00bb _i=\u00bb2&#8243; _address=\u00bb2.1.2&#8243; custom_padding__hover=\u00bb|||\u00bb][et_pb_image src=\u00bb\/cmqnuevo2020\/wp-content\/uploads\/2019\/11\/instagram-png-instagram-png-logo-1455.png\u00bb url=\u00bbhttps:\/\/www.instagram.com\/oftalmogpliego\/\u00bb url_new_window=\u00bbon\u00bb align=\u00bbcenter\u00bb align_tablet=\u00bbcenter\u00bb align_last_edited=\u00bbon|desktop\u00bb _builder_version=\u00bb3.23&#8243; max_width=\u00bb20%\u00bb module_alignment=\u00bbcenter\u00bb _i=\u00bb0&#8243; _address=\u00bb2.1.2.0&#8243;][\/et_pb_image][\/et_pb_column][\/et_pb_row][\/et_pb_section][et_pb_section fb_built=\u00bb1&#8243; _builder_version=\u00bb3.22&#8243; background_color=\u00bbrgba(255,255,255,0)\u00bb custom_margin=\u00bb-230px|||\u00bb custom_padding=\u00bb110px|0px|100px|0px\u00bb fb_built=\u00bb1&#8243; _i=\u00bb3&#8243; _address=\u00bb3&#8243;][et_pb_row _builder_version=\u00bb3.25&#8243; background_size=\u00bbinitial\u00bb background_position=\u00bbtop_left\u00bb background_repeat=\u00bbrepeat\u00bb _i=\u00bb0&#8243; _address=\u00bb3.0&#8243;][et_pb_column type=\u00bb4_4&#8243; _builder_version=\u00bb3.25&#8243; custom_padding=\u00bb|||\u00bb _i=\u00bb0&#8243; _address=\u00bb3.0.0&#8243; custom_padding__hover=\u00bb|||\u00bb][et_pb_divider _builder_version=\u00bb3.2&#8243; background_color=\u00bb#2ea3f2&#8243; _i=\u00bb0&#8243; _address=\u00bb3.0.0.0&#8243;][\/et_pb_divider][\/et_pb_column][\/et_pb_row][et_pb_row _builder_version=\u00bb3.25&#8243; background_size=\u00bbinitial\u00bb background_position=\u00bbtop_left\u00bb background_repeat=\u00bbrepeat\u00bb _i=\u00bb1&#8243; _address=\u00bb3.1&#8243;][et_pb_column type=\u00bb4_4&#8243; _builder_version=\u00bb3.25&#8243; custom_padding=\u00bb|||\u00bb _i=\u00bb0&#8243; _address=\u00bb3.1.0&#8243; custom_padding__hover=\u00bb|||\u00bb][et_pb_divider show_divider=\u00bboff\u00bb _builder_version=\u00bb3.2&#8243; _i=\u00bb0&#8243; _address=\u00bb3.1.0.0&#8243;][\/et_pb_divider][et_pb_text _builder_version=\u00bb3.27.4&#8243; text_text_color=\u00bb#2ea3f2&#8243; _i=\u00bb1&#8243; _address=\u00bb3.1.0.1&#8243;]<\/p>\n<h1 style=\"text-align: center;\"><strong>Contamos con los siguientes servicios:<\/strong><\/h1>\n<p>[\/et_pb_text][\/et_pb_column][\/et_pb_row][et_pb_row make_equal=\u00bbon\u00bb custom_padding_last_edited=\u00bbon|desktop\u00bb admin_label=\u00bbRow\u00bb module_class=\u00bb et_pb_row_fullwidth\u00bb _builder_version=\u00bb3.25&#8243; background_size=\u00bbinitial\u00bb background_position=\u00bbtop_left\u00bb background_repeat=\u00bbrepeat\u00bb width=\u00bb89%\u00bb width_tablet=\u00bb80%\u00bb width_last_edited=\u00bbon|desktop\u00bb max_width=\u00bb89%\u00bb max_width_tablet=\u00bb80%\u00bb max_width_last_edited=\u00bbon|desktop\u00bb custom_padding=\u00bb28px||30px|\u00bb make_fullwidth=\u00bbon\u00bb _i=\u00bb2&#8243; _address=\u00bb3.2&#8243; column_structure=\u00bb1_3,1_3,1_3&#8243;][et_pb_column type=\u00bb1_3&#8243; _builder_version=\u00bb3.25&#8243; background_color=\u00bb#ffffff\u00bb custom_padding=\u00bb||5%|\u00bb custom_css_main_element=\u00bb-webkit-box-shadow: 0 19px 38px rgba(0,0,0,0.15), 0 15px 12px rgba(0,0,0,0.10);||-moz-box-shadow: 0 19px 38px rgba(0,0,0,0.15), 0 15px 12px rgba(0,0,0,0.10);||box-shadow: 0 19px 38px rgba(0,0,0,0.15), 0 15px 12px rgba(0,0,0,0.10);||border-radius: 6px;||\u00bb padding_bottom=\u00bb5%\u00bb custom_css_main=\u00bb-webkit-box-shadow: 0 19px 38px rgba(0,0,0,0.15), 0 15px 12px rgba(0,0,0,0.10);||-moz-box-shadow: 0 19px 38px rgba(0,0,0,0.15), 0 15px 12px rgba(0,0,0,0.10);||box-shadow: 0 19px 38px rgba(0,0,0,0.15), 0 15px 12px rgba(0,0,0,0.10);||border-radius: 6px;||\u00bb _i=\u00bb0&#8243; _address=\u00bb3.2.0&#8243; custom_padding__hover=\u00bb|||\u00bb][et_pb_blurb title=\u00bb Cirug\u00eda de catarata\u00bb url=\u00bbhttps:\/\/oftalmogonzalezpliego.com\/cirugia-de-cataratas\/\u00bb url_new_window=\u00bbon\u00bb image=\u00bb\/cmqnuevo2020\/wp-content\/uploads\/2019\/11\/cataratas-enfermedad.jpg\u00bb module_class=\u00bbanuncio1&#8243; _builder_version=\u00bb3.2&#8243; header_level=\u00bbh3&#8243; header_font=\u00bb|700|||||||\u00bb header_text_color=\u00bb#00b5c9&#8243; header_font_size=\u00bb25px\u00bb text_orientation=\u00bbcenter\u00bb _i=\u00bb0&#8243; _address=\u00bb3.2.0.0&#8243;][\/et_pb_blurb][\/et_pb_column][et_pb_column type=\u00bb1_3&#8243; _builder_version=\u00bb3.25&#8243; background_color=\u00bb#ffffff\u00bb custom_padding=\u00bb|||\u00bb custom_css_main_element=\u00bb-webkit-box-shadow: 0 19px 38px rgba(0,0,0,0.15), 0 15px 12px rgba(0,0,0,0.10);||-moz-box-shadow: 0 19px 38px rgba(0,0,0,0.15), 0 15px 12px rgba(0,0,0,0.10);||box-shadow: 0 19px 38px rgba(0,0,0,0.15), 0 15px 12px rgba(0,0,0,0.10);||border-radius: 6px;\u00bb custom_css_main=\u00bb-webkit-box-shadow: 0 19px 38px rgba(0,0,0,0.15), 0 15px 12px rgba(0,0,0,0.10);||-moz-box-shadow: 0 19px 38px rgba(0,0,0,0.15), 0 15px 12px rgba(0,0,0,0.10);||box-shadow: 0 19px 38px rgba(0,0,0,0.15), 0 15px 12px rgba(0,0,0,0.10);||border-radius: 6px;\u00bb _i=\u00bb1&#8243; _address=\u00bb3.2.1&#8243; custom_padding__hover=\u00bb|||\u00bb][et_pb_blurb title=\u00bbCirug\u00eda refractiva con laser excimer\u00bb url=\u00bbhttps:\/\/oftalmogonzalezpliego.com\/cirugia-lasik\/\u00bb url_new_window=\u00bbon\u00bb image=\u00bb\/cmqnuevo2020\/wp-content\/uploads\/2019\/11\/iStock-606706500-1-1.jpg\u00bb image_max_width=\u00bb75%\u00bb module_class=\u00bbanuncio1&#8243; _builder_version=\u00bb3.2&#8243; header_level=\u00bbh3&#8243; header_font=\u00bb|700|||||||\u00bb header_text_color=\u00bb#00b5c9&#8243; header_font_size=\u00bb25px\u00bb text_orientation=\u00bbcenter\u00bb _i=\u00bb0&#8243; _address=\u00bb3.2.1.0&#8243;][\/et_pb_blurb][\/et_pb_column][et_pb_column type=\u00bb1_3&#8243; _builder_version=\u00bb3.25&#8243; background_color=\u00bb#ffffff\u00bb custom_padding=\u00bb|||\u00bb custom_css_main_element=\u00bb-webkit-box-shadow: 0 19px 38px rgba(0,0,0,0.15), 0 15px 12px rgba(0,0,0,0.10);||-moz-box-shadow: 0 19px 38px rgba(0,0,0,0.15), 0 15px 12px rgba(0,0,0,0.10);||box-shadow: 0 19px 38px rgba(0,0,0,0.15), 0 15px 12px rgba(0,0,0,0.10);||border-radius: 6px;\u00bb custom_css_main=\u00bb-webkit-box-shadow: 0 19px 38px rgba(0,0,0,0.15), 0 15px 12px rgba(0,0,0,0.10);||-moz-box-shadow: 0 19px 38px rgba(0,0,0,0.15), 0 15px 12px rgba(0,0,0,0.10);||box-shadow: 0 19px 38px rgba(0,0,0,0.15), 0 15px 12px rgba(0,0,0,0.10);||border-radius: 6px;\u00bb _i=\u00bb2&#8243; _address=\u00bb3.2.2&#8243; custom_padding__hover=\u00bb|||\u00bb][et_pb_blurb title=\u00bbCirug\u00eda de pterigi\u00f3n\u00bb image=\u00bb\/cmqnuevo2020\/wp-content\/uploads\/2019\/11\/pterigion-nasal-2.jpg\u00bb module_class=\u00bbanuncio1&#8243; _builder_version=\u00bb3.2&#8243; header_font=\u00bb|700|||||||\u00bb header_text_align=\u00bbcenter\u00bb header_text_color=\u00bb#00b5c9&#8243; header_font_size=\u00bb25px\u00bb _i=\u00bb0&#8243; _address=\u00bb3.2.2.0&#8243;][\/et_pb_blurb][\/et_pb_column][\/et_pb_row][et_pb_row make_equal=\u00bbon\u00bb custom_padding_last_edited=\u00bbon|desktop\u00bb admin_label=\u00bbRow\u00bb module_class=\u00bb et_pb_row_fullwidth\u00bb _builder_version=\u00bb3.25&#8243; background_size=\u00bbinitial\u00bb background_position=\u00bbtop_left\u00bb background_repeat=\u00bbrepeat\u00bb width=\u00bb89%\u00bb width_tablet=\u00bb80%\u00bb width_last_edited=\u00bbon|desktop\u00bb max_width=\u00bb89%\u00bb max_width_tablet=\u00bb80%\u00bb max_width_last_edited=\u00bbon|desktop\u00bb custom_padding=\u00bb28px||30px|\u00bb make_fullwidth=\u00bbon\u00bb _i=\u00bb3&#8243; _address=\u00bb3.3&#8243; column_structure=\u00bb1_3,1_3,1_3&#8243;][et_pb_column type=\u00bb1_3&#8243; _builder_version=\u00bb3.25&#8243; background_color=\u00bb#ffffff\u00bb custom_padding=\u00bb||5%|\u00bb custom_css_main_element=\u00bb-webkit-box-shadow: 0 19px 38px rgba(0,0,0,0.15), 0 15px 12px rgba(0,0,0,0.10);||-moz-box-shadow: 0 19px 38px rgba(0,0,0,0.15), 0 15px 12px rgba(0,0,0,0.10);||box-shadow: 0 19px 38px rgba(0,0,0,0.15), 0 15px 12px rgba(0,0,0,0.10);||border-radius: 6px;||\u00bb padding_bottom=\u00bb5%\u00bb custom_css_main=\u00bb-webkit-box-shadow: 0 19px 38px rgba(0,0,0,0.15), 0 15px 12px rgba(0,0,0,0.10);||-moz-box-shadow: 0 19px 38px rgba(0,0,0,0.15), 0 15px 12px rgba(0,0,0,0.10);||box-shadow: 0 19px 38px rgba(0,0,0,0.15), 0 15px 12px rgba(0,0,0,0.10);||border-radius: 6px;||\u00bb _i=\u00bb0&#8243; _address=\u00bb3.3.0&#8243; custom_padding__hover=\u00bb|||\u00bb][et_pb_blurb title=\u00bbCirug\u00eda y tratamiento de glaucoma\u00bb image=\u00bb\/cmqnuevo2020\/wp-content\/uploads\/2019\/11\/Glaucoma.jpg\u00bb module_class=\u00bbanuncio1&#8243; _builder_version=\u00bb3.2&#8243; header_level=\u00bbh3&#8243; header_font=\u00bb|700|||||||\u00bb header_text_color=\u00bb#00b5c9&#8243; header_font_size=\u00bb25px\u00bb text_orientation=\u00bbcenter\u00bb _i=\u00bb0&#8243; _address=\u00bb3.3.0.0&#8243;][\/et_pb_blurb][\/et_pb_column][et_pb_column type=\u00bb1_3&#8243; _builder_version=\u00bb3.25&#8243; background_color=\u00bb#ffffff\u00bb custom_padding=\u00bb|||\u00bb custom_css_main_element=\u00bb-webkit-box-shadow: 0 19px 38px rgba(0,0,0,0.15), 0 15px 12px rgba(0,0,0,0.10);||-moz-box-shadow: 0 19px 38px rgba(0,0,0,0.15), 0 15px 12px rgba(0,0,0,0.10);||box-shadow: 0 19px 38px rgba(0,0,0,0.15), 0 15px 12px rgba(0,0,0,0.10);||border-radius: 6px;\u00bb custom_css_main=\u00bb-webkit-box-shadow: 0 19px 38px rgba(0,0,0,0.15), 0 15px 12px rgba(0,0,0,0.10);||-moz-box-shadow: 0 19px 38px rgba(0,0,0,0.15), 0 15px 12px rgba(0,0,0,0.10);||box-shadow: 0 19px 38px rgba(0,0,0,0.15), 0 15px 12px rgba(0,0,0,0.10);||border-radius: 6px;\u00bb _i=\u00bb1&#8243; _address=\u00bb3.3.1&#8243; custom_padding__hover=\u00bb|||\u00bb][et_pb_blurb title=\u00bbCirug\u00eda de p\u00e1rpados y tumores orbitarios\u00bb image=\u00bb\/cmqnuevo2020\/wp-content\/uploads\/2019\/11\/parpados-1-scaled.jpg\u00bb image_max_width=\u00bb88%\u00bb module_class=\u00bbanuncio1&#8243; _builder_version=\u00bb3.2&#8243; header_level=\u00bbh3&#8243; header_font=\u00bb|700|||||||\u00bb header_text_color=\u00bb#00b5c9&#8243; header_font_size=\u00bb25px\u00bb text_orientation=\u00bbcenter\u00bb _i=\u00bb0&#8243; _address=\u00bb3.3.1.0&#8243;][\/et_pb_blurb][\/et_pb_column][et_pb_column type=\u00bb1_3&#8243; _builder_version=\u00bb3.25&#8243; background_color=\u00bb#ffffff\u00bb custom_padding=\u00bb|||\u00bb custom_css_main_element=\u00bb-webkit-box-shadow: 0 19px 38px rgba(0,0,0,0.15), 0 15px 12px rgba(0,0,0,0.10);||-moz-box-shadow: 0 19px 38px rgba(0,0,0,0.15), 0 15px 12px rgba(0,0,0,0.10);||box-shadow: 0 19px 38px rgba(0,0,0,0.15), 0 15px 12px rgba(0,0,0,0.10);||border-radius: 6px;\u00bb custom_css_main=\u00bb-webkit-box-shadow: 0 19px 38px rgba(0,0,0,0.15), 0 15px 12px rgba(0,0,0,0.10);||-moz-box-shadow: 0 19px 38px rgba(0,0,0,0.15), 0 15px 12px rgba(0,0,0,0.10);||box-shadow: 0 19px 38px rgba(0,0,0,0.15), 0 15px 12px rgba(0,0,0,0.10);||border-radius: 6px;\u00bb _i=\u00bb2&#8243; _address=\u00bb3.3.2&#8243; custom_padding__hover=\u00bb|||\u00bb][et_pb_blurb title=\u00bbCirug\u00eda de v\u00eda lagrimal \u00bb image=\u00bb\/cmqnuevo2020\/wp-content\/uploads\/2019\/11\/lagrimeo-en-exceso.jpg\u00bb image_max_width=\u00bb75%\u00bb module_class=\u00bbanuncio1&#8243; _builder_version=\u00bb3.2&#8243; header_level=\u00bbh3&#8243; header_font=\u00bb|700|||||||\u00bb header_text_color=\u00bb#00b5c9&#8243; header_font_size=\u00bb25px\u00bb text_orientation=\u00bbcenter\u00bb _i=\u00bb0&#8243; _address=\u00bb3.3.2.0&#8243;][\/et_pb_blurb][\/et_pb_column][\/et_pb_row][et_pb_row _builder_version=\u00bb3.25&#8243; background_size=\u00bbinitial\u00bb background_position=\u00bbtop_left\u00bb background_repeat=\u00bbrepeat\u00bb _i=\u00bb4&#8243; _address=\u00bb3.4&#8243;][et_pb_column type=\u00bb4_4&#8243; _builder_version=\u00bb3.25&#8243; custom_padding=\u00bb|||\u00bb _i=\u00bb0&#8243; _address=\u00bb3.4.0&#8243; custom_padding__hover=\u00bb|||\u00bb][et_pb_text _builder_version=\u00bb3.27.4&#8243; _i=\u00bb0&#8243; _address=\u00bb3.4.0.0&#8243;]<\/p>\n<p style=\"text-align: center;\"><span style=\"font-size: 35px; color: #00b5c9;\"><strong>Testimonio real de un caso de \u00e9xito<br \/>\n<\/strong><\/span><\/p>\n<p>[\/et_pb_text][et_pb_video src=\u00bbhttps:\/\/www.youtube.com\/watch?v=TObvJS_K8d0&#038;feature=youtu.be\u00bb _builder_version=\u00bb3.2&#8243; max_width=\u00bb75%\u00bb module_alignment=\u00bbcenter\u00bb _i=\u00bb1&#8243; _address=\u00bb3.4.0.1&#8243;][\/et_pb_video][\/et_pb_column][\/et_pb_row][et_pb_row _builder_version=\u00bb3.25&#8243; background_size=\u00bbinitial\u00bb background_position=\u00bbtop_left\u00bb background_repeat=\u00bbrepeat\u00bb _i=\u00bb5&#8243; _address=\u00bb3.5&#8243;][et_pb_column type=\u00bb4_4&#8243; _builder_version=\u00bb3.25&#8243; custom_padding=\u00bb|||\u00bb _i=\u00bb0&#8243; _address=\u00bb3.5.0&#8243; custom_padding__hover=\u00bb|||\u00bb][et_pb_text _builder_version=\u00bb3.27.4&#8243; _i=\u00bb0&#8243; _address=\u00bb3.5.0.0&#8243;]<\/p>\n<h2 style=\"text-align: center;\">Cont\u00e1ctanos V\u00eda WhatsApp d\u00e1ndole clic en el bot\u00f3n te abajo<\/h2>\n<p>[\/et_pb_text][et_pb_image src=\u00bb\/cmqnuevo2020\/wp-content\/uploads\/2019\/11\/whatsapp-hd-png-whatsapp-logo-png-1000.png\u00bb url=\u00bbhttp:\/\/bit.ly\/WAGlzPliego\u00bb url_new_window=\u00bbon\u00bb align=\u00bbcenter\u00bb align_tablet=\u00bbcenter\u00bb align_last_edited=\u00bbon|desktop\u00bb _builder_version=\u00bb3.23&#8243; max_width=\u00bb15%\u00bb module_alignment=\u00bbcenter\u00bb _i=\u00bb1&#8243; _address=\u00bb3.5.0.1&#8243;][\/et_pb_image][\/et_pb_column][\/et_pb_row][et_pb_row _builder_version=\u00bb3.25&#8243; background_size=\u00bbinitial\u00bb background_position=\u00bbtop_left\u00bb background_repeat=\u00bbrepeat\u00bb _i=\u00bb6&#8243; _address=\u00bb3.6&#8243; column_structure=\u00bb1_3,1_3,1_3&#8243;][et_pb_column type=\u00bb1_3&#8243; _builder_version=\u00bb3.25&#8243; custom_padding=\u00bb|||\u00bb _i=\u00bb0&#8243; _address=\u00bb3.6.0&#8243; custom_padding__hover=\u00bb|||\u00bb][et_pb_image src=\u00bb\/cmqnuevo2020\/wp-content\/uploads\/2019\/11\/face.png\u00bb url=\u00bbhttps:\/\/www.facebook.com\/drsgp\/\u00bb url_new_window=\u00bbon\u00bb align=\u00bbcenter\u00bb align_tablet=\u00bbcenter\u00bb align_last_edited=\u00bbon|desktop\u00bb _builder_version=\u00bb3.23&#8243; max_width=\u00bb20%\u00bb module_alignment=\u00bbcenter\u00bb _i=\u00bb0&#8243; _address=\u00bb3.6.0.0&#8243;][\/et_pb_image][\/et_pb_column][et_pb_column type=\u00bb1_3&#8243; _builder_version=\u00bb3.25&#8243; custom_padding=\u00bb|||\u00bb _i=\u00bb1&#8243; _address=\u00bb3.6.1&#8243; custom_padding__hover=\u00bb|||\u00bb][et_pb_image src=\u00bb\/cmqnuevo2020\/wp-content\/uploads\/2019\/11\/Twitter-Free-PNG-Image.png\u00bb url=\u00bbhttps:\/\/twitter.com\/oftalmogpliego\u00bb url_new_window=\u00bbon\u00bb align=\u00bbcenter\u00bb align_tablet=\u00bbcenter\u00bb align_last_edited=\u00bbon|desktop\u00bb _builder_version=\u00bb3.23&#8243; max_width=\u00bb20%\u00bb module_alignment=\u00bbcenter\u00bb _i=\u00bb0&#8243; _address=\u00bb3.6.1.0&#8243;][\/et_pb_image][\/et_pb_column][et_pb_column type=\u00bb1_3&#8243; _builder_version=\u00bb3.25&#8243; custom_padding=\u00bb|||\u00bb _i=\u00bb2&#8243; _address=\u00bb3.6.2&#8243; custom_padding__hover=\u00bb|||\u00bb][et_pb_image src=\u00bb\/cmqnuevo2020\/wp-content\/uploads\/2019\/11\/instagram-png-instagram-png-logo-1455.png\u00bb url=\u00bbhttps:\/\/www.instagram.com\/oftalmogpliego\/\u00bb url_new_window=\u00bbon\u00bb align=\u00bbcenter\u00bb align_tablet=\u00bbcenter\u00bb align_last_edited=\u00bbon|desktop\u00bb _builder_version=\u00bb3.23&#8243; max_width=\u00bb20%\u00bb module_alignment=\u00bbcenter\u00bb _i=\u00bb0&#8243; _address=\u00bb3.6.2.0&#8243;][\/et_pb_image][\/et_pb_column][\/et_pb_row][\/et_pb_section]<\/p>\n","protected":false},"excerpt":{"rendered":"<p>[et_pb_section fb_built=\u00bb1&#8243; _builder_version=\u00bb3.22&#8243; background_image=\u00bb\/cmqnuevo2020\/wp-content\/uploads\/2019\/11\/vision-front.jpg\u00bb fb_built=\u00bb1&#8243; _i=\u00bb0&#8243; _address=\u00bb0&#8243;][et_pb_row _builder_version=\u00bb3.25&#8243; background_size=\u00bbinitial\u00bb background_position=\u00bbtop_left\u00bb background_repeat=\u00bbrepeat\u00bb _i=\u00bb0&#8243; _address=\u00bb0.0&#8243;][et_pb_column type=\u00bb4_4&#8243; _builder_version=\u00bb3.25&#8243; custom_padding=\u00bb|||\u00bb _i=\u00bb0&#8243; _address=\u00bb0.0.0&#8243; custom_padding__hover=\u00bb|||\u00bb][et_pb_divider show_divider=\u00bboff\u00bb _builder_version=\u00bb3.2&#8243; height=\u00bb68px\u00bb _i=\u00bb0&#8243; _address=\u00bb0.0.0.0&#8243;][\/et_pb_divider][et_pb_divider show_divider=\u00bboff\u00bb _builder_version=\u00bb3.2&#8243; height=\u00bb68px\u00bb _i=\u00bb1&#8243; _address=\u00bb0.0.0.1&#8243;][\/et_pb_divider][et_pb_divider show_divider=\u00bboff\u00bb _builder_version=\u00bb3.2&#8243; height=\u00bb68px\u00bb _i=\u00bb2&#8243; _address=\u00bb0.0.0.2&#8243;][\/et_pb_divider][et_pb_divider show_divider=\u00bboff\u00bb _builder_version=\u00bb3.2&#8243; height=\u00bb68px\u00bb _i=\u00bb3&#8243; _address=\u00bb0.0.0.3&#8243;][\/et_pb_divider][\/et_pb_column][\/et_pb_row][\/et_pb_section][et_pb_section fb_built=\u00bb1&#8243; _builder_version=\u00bb3.22&#8243; fb_built=\u00bb1&#8243; _i=\u00bb1&#8243; _address=\u00bb1&#8243;][et_pb_row _builder_version=\u00bb3.25&#8243; background_size=\u00bbinitial\u00bb background_position=\u00bbtop_left\u00bb background_repeat=\u00bbrepeat\u00bb _i=\u00bb0&#8243; _address=\u00bb1.0&#8243;][et_pb_column type=\u00bb4_4&#8243; _builder_version=\u00bb3.25&#8243; custom_padding=\u00bb|||\u00bb _i=\u00bb0&#8243; _address=\u00bb1.0.0&#8243; [&hellip;]<\/p>\n","protected":false},"author":1,"featured_media":0,"parent":0,"menu_order":0,"comment_status":"closed","ping_status":"closed","template":"","meta":{"_et_pb_use_builder":"on","_et_pb_old_content":""},"_links":{"self":[{"href":"\/cmqnuevo2020\/wp-json\/wp\/v2\/pages\/155"}],"collection":[{"href":"\/cmqnuevo2020\/wp-json\/wp\/v2\/pages"}],"about":[{"href":"\/cmqnuevo2020\/wp-json\/wp\/v2\/types\/page"}],"author":[{"embeddable":true,"href":"\/cmqnuevo2020\/wp-json\/wp\/v2\/users\/1"}],"replies":[{"embeddable":true,"href":"\/cmqnuevo2020\/wp-json\/wp\/v2\/comments?post=155"}],"version-history":[{"count":2,"href":"\/cmqnuevo2020\/wp-json\/wp\/v2\/pages\/155\/revisions"}],"predecessor-version":[{"id":170,"href":"\/cmqnuevo2020\/wp-json\/wp\/v2\/pages\/155\/revisions\/170"}],"wp:attachment":[{"href":"\/cmqnuevo2020\/wp-json\/wp\/v2\/media?parent=155"}],"curies":[{"name":"wp","href":"https:\/\/api.w.org\/{rel}","templated":true}]}}