{"id":213,"date":"2019-11-27T22:21:19","date_gmt":"2019-11-27T22:21:19","guid":{"rendered":"\/cmqnuevo2020\/?page_id=213"},"modified":"2020-02-07T19:46:42","modified_gmt":"2020-02-07T19:46:42","slug":"escuela-de-enfermeria-y-obstetricia","status":"publish","type":"page","link":"\/cmqnuevo2020\/escuela-de-enfermeria-y-obstetricia\/","title":{"rendered":"Escuela de Enfermer\u00eda y Obstetricia"},"content":{"rendered":"<p>[et_pb_section fb_built=\u00bb1&#8243; _builder_version=\u00bb3.22&#8243; custom_padding=\u00bb||0px|||\u00bb fb_built=\u00bb1&#8243; _i=\u00bb0&#8243; _address=\u00bb0&#8243;][et_pb_row _builder_version=\u00bb3.25&#8243; background_size=\u00bbinitial\u00bb background_position=\u00bbtop_left\u00bb background_repeat=\u00bbrepeat\u00bb min_height=\u00bb75px\u00bb custom_margin=\u00bb|auto|-39px|auto||\u00bb _i=\u00bb0&#8243; _address=\u00bb0.0&#8243;][et_pb_column type=\u00bb4_4&#8243; _builder_version=\u00bb3.25&#8243; custom_padding=\u00bb|||\u00bb _i=\u00bb0&#8243; _address=\u00bb0.0.0&#8243; custom_padding__hover=\u00bb|||\u00bb][et_pb_text _builder_version=\u00bb3.27.4&#8243; min_height=\u00bb80px\u00bb custom_margin=\u00bb-31px|||||\u00bb custom_padding=\u00bb0px||0px|||\u00bb _i=\u00bb0&#8243; _address=\u00bb0.0.0.0&#8243;]<\/p>\n<h2 style=\"text-align: center; color: #cccccc;\"><strong><a href=\"http:\/\/www.cmqcelaya.com\/preparatoria-cmq-informacion\/\"><\/a><a href=\"\/cmqnuevo2020\/eeo-oferta\/\">Oferta Educativa\u00a0<\/a>\u00a0\u00a0 <a href=\"http:\/\/www.cmqcelaya.com\/cmqnuevo2020\/eeo-contacto\/ \">Contacto<\/a> \u00a0\u00a0 <a href=\"http:\/\/www.cmqcelaya.com\/cmqnuevo2020\/eeo-ubicacion\/ \">C\u00f3mo llego<\/a><\/strong><\/h2>\n<p>[\/et_pb_text][\/et_pb_column][\/et_pb_row][\/et_pb_section][et_pb_section fb_built=\u00bb1&#8243; admin_label=\u00bbsection\u00bb _builder_version=\u00bb3.22&#8243; background_color=\u00bbrgba(12,113,195,0.3)\u00bb background_image=\u00bb\/cmqnuevo2020\/wp-content\/uploads\/2019\/11\/student-849822_1920-1.jpg\u00bb custom_padding=\u00bb120px||90px|||\u00bb custom_css_before=\u00bbbackground-color: rgba(12,113,195,0.3);\u00bb custom_css_main_element=\u00bb-webkit-clip-path: polygon(15% 92%, 0 88%, 0 0, 100% 0, 100% 89%, 84% 93%, 67% 95%, 46% 96%, 30% 95%);||clip-path: polygon(15% 92%, 0 88%, 0 0, 100% 0, 100% 89%, 84% 93%, 67% 95%, 46% 96%, 30% 95%);\u00bb transparent_background=\u00bboff\u00bb fb_built=\u00bb1&#8243; _i=\u00bb1&#8243; _address=\u00bb1&#8243;][et_pb_row admin_label=\u00bbrow\u00bb module_class=\u00bb et_pb_row_fullwidth\u00bb _builder_version=\u00bb3.25&#8243; background_size=\u00bbinitial\u00bb background_position=\u00bbtop_left\u00bb background_repeat=\u00bbrepeat\u00bb width=\u00bb89%\u00bb width_tablet=\u00bb80%\u00bb width_last_edited=\u00bbon|desktop\u00bb max_width=\u00bb89%\u00bb max_width_tablet=\u00bb80%\u00bb max_width_last_edited=\u00bbon|desktop\u00bb make_fullwidth=\u00bbon\u00bb _i=\u00bb0&#8243; _address=\u00bb1.0&#8243; custom_padding=\u00bb0px|||||\u00bb][et_pb_column type=\u00bb4_4&#8243; _builder_version=\u00bb3.25&#8243; custom_padding=\u00bb|||\u00bb _i=\u00bb0&#8243; _address=\u00bb1.0.0&#8243; custom_padding__hover=\u00bb|||\u00bb][et_pb_text admin_label=\u00bbText\u00bb module_class=\u00bbTextInHeader\u00bb _builder_version=\u00bb3.27.4&#8243; text_font=\u00bbMontserrat|on|||\u00bb text_text_color=\u00bb#ffffff\u00bb text_font_size=\u00bb40&#8243; text_line_height=\u00bb1.2em\u00bb text_text_shadow_style=\u00bbpreset1&#8243; header_text_color=\u00bb#000000&#8243; header_font_size=\u00bb33px\u00bb header_line_height=\u00bb2.4em\u00bb background_size=\u00bbinitial\u00bb background_position=\u00bbtop_left\u00bb background_repeat=\u00bbrepeat\u00bb text_orientation=\u00bbcenter\u00bb module_alignment=\u00bbcenter\u00bb custom_margin=\u00bb-0.2%||20px|||\u00bb hover_enabled=\u00bb0&#8243; text_font_size_tablet=\u00bb50px\u00bb text_font_size_phone=\u00bb35px\u00bb text_font_size_last_edited=\u00bboff|phone\u00bb use_border_color=\u00bboff\u00bb border_color=\u00bb#ffffff\u00bb border_style=\u00bbsolid\u00bb inline_fonts=\u00bbAbel,Cardo,Merriweather,Noticia Text,Passion One\u00bb _i=\u00bb0&#8243; _address=\u00bb1.0.0.0&#8243;]<\/p>\n<p><strong>Escuela de Enfermer\u00eda y Obstetricia del Centro M\u00e9dico Quir\u00fargico<\/strong><\/p>\n<p><img loading=\"lazy\" class=\"wp-image-214492 aligncenter size-medium\" src=\"\/cmqnuevo2020\/wp-content\/uploads\/2019\/11\/Logo-EEO-300x260.jpg\" alt=\"\" width=\"300\" height=\"260\" \/><\/p>\n<p>[\/et_pb_text][\/et_pb_column][\/et_pb_row][\/et_pb_section][et_pb_section fb_built=\u00bb1&#8243; _builder_version=\u00bb3.22&#8243; fb_built=\u00bb1&#8243; _i=\u00bb2&#8243; _address=\u00bb2&#8243;][et_pb_row column_structure=\u00bb1_3,1_3,1_3&#8243; _builder_version=\u00bb3.25&#8243; _i=\u00bb0&#8243; _address=\u00bb2.0&#8243;][et_pb_column type=\u00bb1_3&#8243; _builder_version=\u00bb3.25&#8243; custom_padding=\u00bb|||\u00bb _i=\u00bb0&#8243; _address=\u00bb2.0.0&#8243; custom_padding__hover=\u00bb|||\u00bb][et_pb_text _builder_version=\u00bb3.27.4&#8243; _i=\u00bb0&#8243; _address=\u00bb2.0.0.0&#8243;]<\/p>\n<h1><span style=\"color: #993300;\"><strong>\u00a0Bienvenidos<\/strong><\/span><\/h1>\n<p style=\"text-align: center;\"><strong>Bachillerato T\u00e9cnico en<\/strong><\/p>\n<p style=\"text-align: center;\"><strong>Enfermer\u00eda General<\/strong><\/p>\n<p style=\"text-align: center;\"><strong>C.C.T 11PCT0010Z<\/strong><\/p>\n<p style=\"text-align: center;\"><strong>_____________________________________<\/strong><\/p>\n<p style=\"margin-top: 0pt; margin-bottom: 0pt; margin-left: 0in; text-align: center; direction: ltr; unicode-bidi: embed; word-break: normal;\"><span style=\"font-size: 10pt; font-family: 'Agency FB'; font-weight: bold;\">INCORPORADOS A<\/span><\/p>\n<p style=\"margin-top: 0pt; margin-bottom: 0pt; margin-left: 0in; text-align: center; direction: ltr; unicode-bidi: embed; word-break: normal;\"><span style=\"font-size: 10pt; font-family: 'Agency FB'; font-weight: bold;\"><img loading=\"lazy\" src=\"\/cmqnuevo2020\/wp-content\/uploads\/2019\/11\/gto.jpg\" alt=\"\" class=\"wp-image-214505 aligncenter size-full\" width=\"123\" height=\"104\" \/><\/span><\/p>\n<p style=\"margin-top: 0pt; margin-bottom: 0pt; margin-left: 0in; text-align: center; direction: ltr; unicode-bidi: embed; word-break: normal;\"><span style=\"font-size: 10pt; font-family: 'Agency FB'; font-weight: bold;\">SECRETAR\u00cdA DE EDUCACI\u00d3N<\/span><\/p>\n<p style=\"margin-top: 0pt; margin-bottom: 0pt; margin-left: 0in; text-align: center; direction: ltr; unicode-bidi: embed; word-break: normal;\"><span style=\"font-size: 10pt; font-family: 'Agency FB'; font-weight: bold;\">DE GUANAJUATO<\/span><\/p>\n<p style=\"text-align: center;\"><strong>______________________________________<\/strong><\/p>\n<p style=\"text-align: center;\"><strong>Licenciatura en Ciencias y<\/strong><\/p>\n<p style=\"text-align: center;\"><strong>Habilidades de Enfermer\u00eda<\/strong><\/p>\n<p style=\"text-align: center;\"><strong>C.C.T 11PSU0222B<\/strong><\/p>\n<p>[\/et_pb_text][\/et_pb_column][et_pb_column type=\u00bb1_3&#8243; _builder_version=\u00bb3.25&#8243; custom_padding=\u00bb|||\u00bb _i=\u00bb1&#8243; _address=\u00bb2.0.1&#8243; custom_padding__hover=\u00bb|||\u00bb][et_pb_text _builder_version=\u00bb3.27.4&#8243; _i=\u00bb0&#8243; _address=\u00bb2.0.1.0&#8243;]<\/p>\n<p><b>DIRECCI\u00d3N<\/b><\/p>\n<p>\u00a0<\/p>\n<p>Adolfo L\u00f3pez Mateos<\/p>\n<p>\u00a0Ote. No. 1000 Zona Centro<\/p>\n<p>Cp. 38000<\/p>\n<p>Celaya Guanajuato.<\/p>\n<p>\u00a0<\/p>\n<p><b>TEL\u00c9FONOS<\/b><\/p>\n<p>\u00a0<\/p>\n<p>Directo (461) <b>61 62343 <\/b><\/p>\n<p>Conmutador (461) <b>613 11 11<\/b><\/p>\n<p>Ext. 2057 Direcci\u00f3n<\/p>\n<p>Ext. 3101 Contralor\u00eda<\/p>\n<p>Ext. 3102 Servicios Escolares<\/p>\n<p>[\/et_pb_text][\/et_pb_column][et_pb_column type=\u00bb1_3&#8243; _builder_version=\u00bb3.25&#8243; custom_padding=\u00bb|||\u00bb _i=\u00bb2&#8243; _address=\u00bb2.0.2&#8243; custom_padding__hover=\u00bb|||\u00bb][et_pb_text _builder_version=\u00bb3.27.4&#8243; _i=\u00bb0&#8243; _address=\u00bb2.0.2.0&#8243;]<\/p>\n<p style=\"text-align: justify;\"><strong><u><b>VALORES INSTITUCIONALES<\/b><\/u><b>\u00a0<\/b><\/strong><\/p>\n<p style=\"text-align: justify;\">\n<p style=\"text-align: justify;\"><strong><b>MISI\u00d3N<\/b><\/strong><\/p>\n<p style=\"text-align: justify;\">Somos una instituci\u00f3n educativa\u00a0 dedicada\u00a0 a formar personal profesional y t\u00e9cnico en el \u00e1rea de la salud. En un contexto de excelencia acad\u00e9mica sustentado en un proceso educativo competitivo e innovador con el uso de tecnolog\u00edas de la informaci\u00f3n y comunicaci\u00f3n; respaldados en valores de honestidad, \u00e9tica, responsabilidad, dedicaci\u00f3n y respeto a la libertad humana. Buscando desarrollar sujetos comprometidos con el desarrollo de la comunidad y que\u00a0 contribuyen al cuidado, mantenimiento y mejora de la salud en el \u00e1rea comunitaria y hospitalaria, respondiendo a las demandas actuales de salud de la poblaci\u00f3n.\u00a0<\/p>\n<p style=\"text-align: justify;\">\n<p style=\"text-align: justify;\"><strong><b>VISI\u00d3N <\/b><\/strong><\/p>\n<p style=\"text-align: justify;\">Ser una instituci\u00f3n de educaci\u00f3n superior de mayor prestigio local y regional al ser reconocida por la excelencia acad\u00e9mica y humana de los profesionales que forma en el \u00e1rea de la salud. Mediante un modelo educativo\u00a0 constructivista e innovador, que hace \u00e9nfasis en una estructura de gesti\u00f3n integral e interdisciplinariedad, promoviendo la investigaci\u00f3n como motor del proceso de evaluaci\u00f3n.\u00a0<\/p>\n<p style=\"text-align: justify;\">\n<p style=\"text-align: justify;\"><strong><b>VALORES: <\/b><\/strong><\/p>\n<p style=\"text-align: justify;\">*Dignidad Humana<\/p>\n<p style=\"text-align: justify;\">*Responsabilidad<\/p>\n<p style=\"text-align: justify;\">*Altruismo<\/p>\n<p style=\"text-align: justify;\">*Integridad<\/p>\n<p style=\"text-align: justify;\">*Honestidad<\/p>\n<p style=\"text-align: justify;\">*Igualdad<\/p>\n<p style=\"text-align: justify;\">*Tolerancia y Solidaridad<\/p>\n<p>[\/et_pb_text][\/et_pb_column][\/et_pb_row][\/et_pb_section][et_pb_section fb_built=\u00bb1&#8243; admin_label=\u00bbSection\u00bb _builder_version=\u00bb3.22&#8243; background_color=\u00bbrgba(12,113,195,0.06)\u00bb background_image=\u00bb\/cmqnuevo2020\/wp-content\/uploads\/2019\/11\/books-690219_1920.jpg\u00bb custom_css_main_element=\u00bb-webkit-clip-path: polygon(55% 9%, 71% 8%, 86% 5%, 100% 0, 100% 100%, 0 100%, 0 0, 13% 4%, 25% 7%, 39% 9%);||clip-path: polygon(55% 9%, 71% 8%, 86% 5%, 100% 0, 100% 100%, 0 100%, 0 0, 13% 4%, 25% 7%, 39% 9%);\u00bb transparent_background=\u00bboff\u00bb fb_built=\u00bb1&#8243; _i=\u00bb3&#8243; _address=\u00bb3&#8243;][\/et_pb_section]<\/p>\n","protected":false},"excerpt":{"rendered":"<p>[et_pb_section fb_built=\u00bb1&#8243; _builder_version=\u00bb3.22&#8243; custom_padding=\u00bb||0px|||\u00bb fb_built=\u00bb1&#8243; _i=\u00bb0&#8243; _address=\u00bb0&#8243;][et_pb_row _builder_version=\u00bb3.25&#8243; background_size=\u00bbinitial\u00bb background_position=\u00bbtop_left\u00bb background_repeat=\u00bbrepeat\u00bb min_height=\u00bb75px\u00bb custom_margin=\u00bb|auto|-39px|auto||\u00bb _i=\u00bb0&#8243; _address=\u00bb0.0&#8243;][et_pb_column type=\u00bb4_4&#8243; _builder_version=\u00bb3.25&#8243; custom_padding=\u00bb|||\u00bb _i=\u00bb0&#8243; _address=\u00bb0.0.0&#8243; custom_padding__hover=\u00bb|||\u00bb][et_pb_text _builder_version=\u00bb3.27.4&#8243; min_height=\u00bb80px\u00bb custom_margin=\u00bb-31px|||||\u00bb custom_padding=\u00bb0px||0px|||\u00bb _i=\u00bb0&#8243; _address=\u00bb0.0.0.0&#8243;] Oferta Educativa\u00a0\u00a0\u00a0 Contacto \u00a0\u00a0 C\u00f3mo llego [\/et_pb_text][\/et_pb_column][\/et_pb_row][\/et_pb_section][et_pb_section fb_built=\u00bb1&#8243; admin_label=\u00bbsection\u00bb _builder_version=\u00bb3.22&#8243; background_color=\u00bbrgba(12,113,195,0.3)\u00bb background_image=\u00bb\/cmqnuevo2020\/wp-content\/uploads\/2019\/11\/student-849822_1920-1.jpg\u00bb custom_padding=\u00bb120px||90px|||\u00bb custom_css_before=\u00bbbackground-color: rgba(12,113,195,0.3);\u00bb custom_css_main_element=\u00bb-webkit-clip-path: polygon(15% 92%, 0 88%, 0 0, 100% 0, 100% 89%, 84% 93%, [&hellip;]<\/p>\n","protected":false},"author":1,"featured_media":0,"parent":0,"menu_order":0,"comment_status":"closed","ping_status":"closed","template":"","meta":{"_et_pb_use_builder":"on","_et_pb_old_content":""},"_links":{"self":[{"href":"\/cmqnuevo2020\/wp-json\/wp\/v2\/pages\/213"}],"collection":[{"href":"\/cmqnuevo2020\/wp-json\/wp\/v2\/pages"}],"about":[{"href":"\/cmqnuevo2020\/wp-json\/wp\/v2\/types\/page"}],"author":[{"embeddable":true,"href":"\/cmqnuevo2020\/wp-json\/wp\/v2\/users\/1"}],"replies":[{"embeddable":true,"href":"\/cmqnuevo2020\/wp-json\/wp\/v2\/comments?post=213"}],"version-history":[{"count":5,"href":"\/cmqnuevo2020\/wp-json\/wp\/v2\/pages\/213\/revisions"}],"predecessor-version":[{"id":417,"href":"\/cmqnuevo2020\/wp-json\/wp\/v2\/pages\/213\/revisions\/417"}],"wp:attachment":[{"href":"\/cmqnuevo2020\/wp-json\/wp\/v2\/media?parent=213"}],"curies":[{"name":"wp","href":"https:\/\/api.w.org\/{rel}","templated":true}]}}