{"id":237,"date":"2019-11-27T22:56:40","date_gmt":"2019-11-27T22:56:40","guid":{"rendered":"\/cmqnuevo2020\/?page_id=237"},"modified":"2019-11-27T22:56:51","modified_gmt":"2019-11-27T22:56:51","slug":"imagenologia-diagnostica-e-intervencionista-adulto-y-pediatrica","status":"publish","type":"page","link":"\/cmqnuevo2020\/imagenologia-diagnostica-e-intervencionista-adulto-y-pediatrica\/","title":{"rendered":"Imagenolog\u00eda Diagn\u00f3stica e Intervencionista Adulto y Pedi\u00e1trica"},"content":{"rendered":"<p>[et_pb_section fb_built=\u00bb1&#8243; _builder_version=\u00bb3.22&#8243; background_image=\u00bb\/cmqnuevo2020\/wp-content\/uploads\/2019\/11\/slide01.jpg\u00bb fb_built=\u00bb1&#8243; _i=\u00bb0&#8243; _address=\u00bb0&#8243;][et_pb_row _builder_version=\u00bb3.25&#8243; background_size=\u00bbinitial\u00bb background_position=\u00bbtop_left\u00bb background_repeat=\u00bbrepeat\u00bb _i=\u00bb0&#8243; _address=\u00bb0.0&#8243;][et_pb_column type=\u00bb4_4&#8243; _builder_version=\u00bb3.25&#8243; custom_padding=\u00bb|||\u00bb _i=\u00bb0&#8243; _address=\u00bb0.0.0&#8243; custom_padding__hover=\u00bb|||\u00bb][et_pb_divider show_divider=\u00bboff\u00bb _builder_version=\u00bb3.2&#8243; height=\u00bb68px\u00bb _i=\u00bb0&#8243; _address=\u00bb0.0.0.0&#8243;][\/et_pb_divider][et_pb_divider show_divider=\u00bboff\u00bb _builder_version=\u00bb3.2&#8243; height=\u00bb68px\u00bb _i=\u00bb1&#8243; _address=\u00bb0.0.0.1&#8243;][\/et_pb_divider][et_pb_divider show_divider=\u00bboff\u00bb _builder_version=\u00bb3.2&#8243; height=\u00bb68px\u00bb _i=\u00bb2&#8243; _address=\u00bb0.0.0.2&#8243;][\/et_pb_divider][et_pb_divider show_divider=\u00bboff\u00bb _builder_version=\u00bb3.2&#8243; height=\u00bb68px\u00bb _i=\u00bb3&#8243; _address=\u00bb0.0.0.3&#8243;][\/et_pb_divider][\/et_pb_column][\/et_pb_row][\/et_pb_section][et_pb_section fb_built=\u00bb1&#8243; _builder_version=\u00bb3.22&#8243; fb_built=\u00bb1&#8243; _i=\u00bb1&#8243; _address=\u00bb1&#8243;][et_pb_row _builder_version=\u00bb3.25&#8243; background_size=\u00bbinitial\u00bb background_position=\u00bbtop_left\u00bb background_repeat=\u00bbrepeat\u00bb custom_padding=\u00bb25.25px|0px|0|0px|false|false\u00bb _i=\u00bb0&#8243; _address=\u00bb1.0&#8243;][et_pb_column type=\u00bb4_4&#8243; _builder_version=\u00bb3.25&#8243; custom_padding=\u00bb|||\u00bb _i=\u00bb0&#8243; _address=\u00bb1.0.0&#8243; custom_padding__hover=\u00bb|||\u00bb][et_pb_text _builder_version=\u00bb3.27.4&#8243; _i=\u00bb0&#8243; _address=\u00bb1.0.0.0&#8243;]<\/p>\n<h1 style=\"text-align: center;\"><span style=\"color: #000000;\"><strong>Imagenolog\u00eda Diagn\u00f3stica e Intervencionista Adulto y Pedi\u00e1trica<\/strong><\/span><\/h1>\n<p>[\/et_pb_text][et_pb_divider divider_weight=\u00bb0px\u00bb _builder_version=\u00bb3.2&#8243; background_color=\u00bb#2ea3f2&#8243; height=\u00bb16px\u00bb _i=\u00bb1&#8243; _address=\u00bb1.0.0.1&#8243;][\/et_pb_divider][\/et_pb_column][\/et_pb_row][et_pb_row _builder_version=\u00bb3.25&#8243; background_size=\u00bbinitial\u00bb background_position=\u00bbtop_left\u00bb background_repeat=\u00bbrepeat\u00bb module_alignment=\u00bbcenter\u00bb _i=\u00bb1&#8243; _address=\u00bb1.1&#8243;][et_pb_column type=\u00bb4_4&#8243; _builder_version=\u00bb3.25&#8243; custom_padding=\u00bb|||\u00bb _i=\u00bb0&#8243; _address=\u00bb1.1.0&#8243; custom_padding__hover=\u00bb|||\u00bb][et_pb_text _builder_version=\u00bb3.27.4&#8243; text_font=\u00bb||||||||\u00bb text_text_color=\u00bb#2ea3f2&#8243; text_font_size=\u00bb99px\u00bb text_line_height=\u00bb1.2em\u00bb background_layout=\u00bbdark\u00bb _i=\u00bb0&#8243; _address=\u00bb1.1.0.0&#8243;]<\/p>\n<h2 style=\"text-align: center;\"><span style=\"color: #3366ff;\"><strong><span style=\"color: #333333;\"><\/span><span style=\"color: #808080;\">Servicios\u00a0<\/span><\/strong><\/span><\/h2>\n<p>[\/et_pb_text][et_pb_divider divider_weight=\u00bb0px\u00bb _builder_version=\u00bb3.2&#8243; background_color=\u00bb#2ea3f2&#8243; max_width=\u00bb27%\u00bb module_alignment=\u00bbcenter\u00bb height=\u00bb5px\u00bb _i=\u00bb1&#8243; _address=\u00bb1.1.0.1&#8243;][\/et_pb_divider][et_pb_text _builder_version=\u00bb3.27.4&#8243; _i=\u00bb2&#8243; _address=\u00bb1.1.0.2&#8243;]<\/p>\n<p style=\"text-align: center;\"><strong><span style=\"color: #000000;\">Mastograf\u00eda Digitalizada<\/span><\/strong><\/p>\n<p style=\"text-align: center;\"><strong><span style=\"color: #000000;\">Resonancia Magn\u00e9tica 1.5T<\/span><\/strong><\/p>\n<p style=\"text-align: center;\"><strong><span style=\"color: #000000;\">Tomograf\u00eda Computarizada Multicorte<\/span><\/strong><\/p>\n<p style=\"text-align: center;\"><strong><span style=\"color: #000000;\">Rayos X Simples<\/span><\/strong><\/p>\n<p style=\"text-align: center;\"><strong><span style=\"color: #000000;\">Estudios Especiales de Rayos X con Fluroscop\u00eda<\/span><\/strong><\/p>\n<p style=\"text-align: center;\"><strong><span style=\"color: #000000;\">Ultrasonido 4D<\/span><\/strong><\/p>\n<p style=\"text-align: center;\"><strong><span style=\"color: #000000;\">Elastograf\u00eda Cuantitativa por Ultrasonido<\/span><\/strong><\/p>\n<p style=\"text-align: center;\"><strong><span style=\"color: #000000;\">Rayos X Dentales Panor\u00e1micos<\/span><\/strong><\/p>\n<p style=\"text-align: center;\"><strong><span style=\"color: #000000;\">Osteodensitometr\u00eda Cadera y Columna<\/span><\/strong><\/p>\n<p style=\"text-align: center;\"><span style=\"color: #000000;\"><span color=\"#000000\" style=\"color: #000000;\"><b>Densitometr\u00eda de Composici\u00f3n\u00a0Corporal<\/b><\/span><\/span><\/p>\n<p style=\"text-align: center;\"><strong><span style=\"color: #000000;\">Angiograf\u00eda Vascular y Cerebral<\/span><\/strong><\/p>\n<p style=\"text-align: center;\"><strong><span style=\"color: #000000;\">Endoscop\u00eda<\/span><\/strong><\/p>\n<p>[\/et_pb_text][\/et_pb_column][\/et_pb_row][et_pb_row _builder_version=\u00bb3.25&#8243; _i=\u00bb2&#8243; _address=\u00bb1.2&#8243;][et_pb_column type=\u00bb4_4&#8243; _builder_version=\u00bb3.25&#8243; custom_padding=\u00bb|||\u00bb _i=\u00bb0&#8243; _address=\u00bb1.2.0&#8243; custom_padding__hover=\u00bb|||\u00bb][et_pb_divider divider_weight=\u00bb0px\u00bb _builder_version=\u00bb3.2&#8243; background_color=\u00bb#2ea3f2&#8243; height=\u00bb16px\u00bb _i=\u00bb0&#8243; _address=\u00bb1.2.0.0&#8243;][\/et_pb_divider][et_pb_text _builder_version=\u00bb3.27.4&#8243; _i=\u00bb1&#8243; _address=\u00bb1.2.0.1&#8243;]<\/p>\n<h3 style=\"text-align: center;\"><span>Cont\u00e1ctanos por whatsapp, s\u00f3lo dale click<\/span><\/h3>\n<p>[\/et_pb_text][et_pb_image src=\u00bb\/cmqnuevo2020\/wp-content\/uploads\/2019\/11\/Whats-300&#215;130.png\u00bb url=\u00bbhttps:\/\/api.whatsapp.com\/send?phone=524613537248&#038;text=Quiero%20informaci\u00f3n%20de%20un%20servicio,%20%20gracias.\u00bb url_new_window=\u00bbon\u00bb align=\u00bbcenter\u00bb align_tablet=\u00bbcenter\u00bb align_last_edited=\u00bbon|desktop\u00bb _builder_version=\u00bb3.23&#8243; _i=\u00bb2&#8243; _address=\u00bb1.2.0.2&#8243;][\/et_pb_image][\/et_pb_column][\/et_pb_row][\/et_pb_section]<\/p>\n","protected":false},"excerpt":{"rendered":"<p>[et_pb_section fb_built=\u00bb1&#8243; _builder_version=\u00bb3.22&#8243; background_image=\u00bb\/cmqnuevo2020\/wp-content\/uploads\/2019\/11\/slide01.jpg\u00bb fb_built=\u00bb1&#8243; _i=\u00bb0&#8243; _address=\u00bb0&#8243;][et_pb_row _builder_version=\u00bb3.25&#8243; background_size=\u00bbinitial\u00bb background_position=\u00bbtop_left\u00bb background_repeat=\u00bbrepeat\u00bb _i=\u00bb0&#8243; _address=\u00bb0.0&#8243;][et_pb_column type=\u00bb4_4&#8243; _builder_version=\u00bb3.25&#8243; custom_padding=\u00bb|||\u00bb _i=\u00bb0&#8243; _address=\u00bb0.0.0&#8243; custom_padding__hover=\u00bb|||\u00bb][et_pb_divider show_divider=\u00bboff\u00bb _builder_version=\u00bb3.2&#8243; height=\u00bb68px\u00bb _i=\u00bb0&#8243; _address=\u00bb0.0.0.0&#8243;][\/et_pb_divider][et_pb_divider show_divider=\u00bboff\u00bb _builder_version=\u00bb3.2&#8243; height=\u00bb68px\u00bb _i=\u00bb1&#8243; _address=\u00bb0.0.0.1&#8243;][\/et_pb_divider][et_pb_divider show_divider=\u00bboff\u00bb _builder_version=\u00bb3.2&#8243; height=\u00bb68px\u00bb _i=\u00bb2&#8243; _address=\u00bb0.0.0.2&#8243;][\/et_pb_divider][et_pb_divider show_divider=\u00bboff\u00bb _builder_version=\u00bb3.2&#8243; height=\u00bb68px\u00bb _i=\u00bb3&#8243; _address=\u00bb0.0.0.3&#8243;][\/et_pb_divider][\/et_pb_column][\/et_pb_row][\/et_pb_section][et_pb_section fb_built=\u00bb1&#8243; _builder_version=\u00bb3.22&#8243; fb_built=\u00bb1&#8243; _i=\u00bb1&#8243; _address=\u00bb1&#8243;][et_pb_row _builder_version=\u00bb3.25&#8243; background_size=\u00bbinitial\u00bb background_position=\u00bbtop_left\u00bb background_repeat=\u00bbrepeat\u00bb custom_padding=\u00bb25.25px|0px|0|0px|false|false\u00bb _i=\u00bb0&#8243; _address=\u00bb1.0&#8243;][et_pb_column type=\u00bb4_4&#8243; _builder_version=\u00bb3.25&#8243; custom_padding=\u00bb|||\u00bb _i=\u00bb0&#8243; [&hellip;]<\/p>\n","protected":false},"author":1,"featured_media":0,"parent":0,"menu_order":0,"comment_status":"closed","ping_status":"closed","template":"","meta":{"_et_pb_use_builder":"on","_et_pb_old_content":""},"_links":{"self":[{"href":"\/cmqnuevo2020\/wp-json\/wp\/v2\/pages\/237"}],"collection":[{"href":"\/cmqnuevo2020\/wp-json\/wp\/v2\/pages"}],"about":[{"href":"\/cmqnuevo2020\/wp-json\/wp\/v2\/types\/page"}],"author":[{"embeddable":true,"href":"\/cmqnuevo2020\/wp-json\/wp\/v2\/users\/1"}],"replies":[{"embeddable":true,"href":"\/cmqnuevo2020\/wp-json\/wp\/v2\/comments?post=237"}],"version-history":[{"count":2,"href":"\/cmqnuevo2020\/wp-json\/wp\/v2\/pages\/237\/revisions"}],"predecessor-version":[{"id":241,"href":"\/cmqnuevo2020\/wp-json\/wp\/v2\/pages\/237\/revisions\/241"}],"wp:attachment":[{"href":"\/cmqnuevo2020\/wp-json\/wp\/v2\/media?parent=237"}],"curies":[{"name":"wp","href":"https:\/\/api.w.org\/{rel}","templated":true}]}}